{"id":150,"date":"2024-09-16T03:53:30","date_gmt":"2024-09-16T01:53:30","guid":{"rendered":"https:\/\/creaverba.com\/?page_id=150"},"modified":"2025-08-18T15:52:19","modified_gmt":"2025-08-18T13:52:19","slug":"deroulement","status":"publish","type":"page","link":"https:\/\/creaverba.com\/index.php\/deroulement\/","title":{"rendered":"D\u00e9roulement"},"content":{"rendered":"\t\t<div data-elementor-type=\"wp-page\" data-elementor-id=\"150\" class=\"elementor elementor-150\">\n\t\t\t\t<div class=\"elementor-element elementor-element-624a7fbc e-con-full e-flex e-con e-child\" data-id=\"624a7fbc\" data-element_type=\"container\">\n\t\t<div class=\"elementor-element elementor-element-29ffd03a e-con-full e-flex e-con e-child\" data-id=\"29ffd03a\" data-element_type=\"container\">\n\t\t\t\t<div class=\"elementor-element elementor-element-65d99802 elementor-align-left elementor-widget elementor-widget-button\" data-id=\"65d99802\" data-element_type=\"widget\" data-widget_type=\"button.default\">\n\t\t\t\t<div class=\"elementor-widget-container\">\n\t\t\t\t\t<div class=\"elementor-button-wrapper\">\n\t\t\t<a class=\"elementor-button elementor-button-link elementor-size-sm\" href=\"https:\/\/creaverba.com\/\">\n\t\t\t\t\t\t<span class=\"elementor-button-content-wrapper\">\n\t\t\t\t\t\t\t\t\t<span class=\"elementor-button-text\">Ateliers d'\u00e9criture Cr\u00e9aVerba <\/span>\n\t\t\t\t\t<\/span>\n\t\t\t\t\t<\/a>\n\t\t<\/div>\n\t\t\t\t<\/div>\n\t\t\t\t<\/div>\n\t\t<div class=\"elementor-element elementor-element-4ff6bb79 e-flex e-con-boxed e-con e-child\" data-id=\"4ff6bb79\" data-element_type=\"container\">\n\t\t\t\t\t<div class=\"e-con-inner\">\n\t\t\t\t<div class=\"elementor-element elementor-element-1a54c040 elementor-widget elementor-widget-button\" data-id=\"1a54c040\" data-element_type=\"widget\" data-widget_type=\"button.default\">\n\t\t\t\t<div class=\"elementor-widget-container\">\n\t\t\t\t\t<div class=\"elementor-button-wrapper\">\n\t\t\t<a class=\"elementor-button elementor-button-link elementor-size-sm\" href=\"https:\/\/creaverba.com\/index.php\/deroulement\/\">\n\t\t\t\t\t\t<span class=\"elementor-button-content-wrapper\">\n\t\t\t\t\t\t\t\t\t<span class=\"elementor-button-text\">DEROULEMENT DES ATELIERS<\/span>\n\t\t\t\t\t<\/span>\n\t\t\t\t\t<\/a>\n\t\t<\/div>\n\t\t\t\t<\/div>\n\t\t\t\t<\/div>\n\t\t\t\t<div class=\"elementor-element elementor-element-2cffe584 elementor-widget elementor-widget-button\" data-id=\"2cffe584\" data-element_type=\"widget\" data-widget_type=\"button.default\">\n\t\t\t\t<div class=\"elementor-widget-container\">\n\t\t\t\t\t<div class=\"elementor-button-wrapper\">\n\t\t\t<a class=\"elementor-button elementor-button-link elementor-size-sm\" href=\"https:\/\/creaverba.com\/index.php\/formules-et-tarifs\/\">\n\t\t\t\t\t\t<span class=\"elementor-button-content-wrapper\">\n\t\t\t\t\t\t\t\t\t<span class=\"elementor-button-text\">FORMULES ET TARIFS<\/span>\n\t\t\t\t\t<\/span>\n\t\t\t\t\t<\/a>\n\t\t<\/div>\n\t\t\t\t<\/div>\n\t\t\t\t<\/div>\n\t\t\t\t<div class=\"elementor-element elementor-element-1bb41695 elementor-widget elementor-widget-button\" data-id=\"1bb41695\" data-element_type=\"widget\" data-widget_type=\"button.default\">\n\t\t\t\t<div class=\"elementor-widget-container\">\n\t\t\t\t\t<div class=\"elementor-button-wrapper\">\n\t\t\t<a class=\"elementor-button elementor-button-link elementor-size-sm\" href=\"https:\/\/creaverba.com\/index.php\/infos-supplementaires\/\">\n\t\t\t\t\t\t<span class=\"elementor-button-content-wrapper\">\n\t\t\t\t\t\t\t\t\t<span class=\"elementor-button-text\">INFORMATIONS SUPPLEMENTAIRES<\/span>\n\t\t\t\t\t<\/span>\n\t\t\t\t\t<\/a>\n\t\t<\/div>\n\t\t\t\t<\/div>\n\t\t\t\t<\/div>\n\t\t\t\t<div class=\"elementor-element elementor-element-64383912 elementor-widget elementor-widget-button\" data-id=\"64383912\" data-element_type=\"widget\" data-widget_type=\"button.default\">\n\t\t\t\t<div class=\"elementor-widget-container\">\n\t\t\t\t\t<div class=\"elementor-button-wrapper\">\n\t\t\t<a class=\"elementor-button elementor-button-link elementor-size-sm\" href=\"https:\/\/creaverba.com\/index.php\/elementor-page-225\/\">\n\t\t\t\t\t\t<span class=\"elementor-button-content-wrapper\">\n\t\t\t\t\t\t\t\t\t<span class=\"elementor-button-text\">EVENEMENTS Dr\u00f4me Ard\u00e8che<\/span>\n\t\t\t\t\t<\/span>\n\t\t\t\t\t<\/a>\n\t\t<\/div>\n\t\t\t\t<\/div>\n\t\t\t\t<\/div>\n\t\t\t\t<div class=\"elementor-element elementor-element-5f3d253b elementor-widget elementor-widget-button\" data-id=\"5f3d253b\" data-element_type=\"widget\" data-widget_type=\"button.default\">\n\t\t\t\t<div class=\"elementor-widget-container\">\n\t\t\t\t\t<div class=\"elementor-button-wrapper\">\n\t\t\t<a class=\"elementor-button elementor-button-link elementor-size-sm\" href=\"https:\/\/creaverba.com\/index.php\/contact\/\">\n\t\t\t\t\t\t<span class=\"elementor-button-content-wrapper\">\n\t\t\t\t\t\t\t\t\t<span class=\"elementor-button-text\">CONTACT<\/span>\n\t\t\t\t\t<\/span>\n\t\t\t\t\t<\/a>\n\t\t<\/div>\n\t\t\t\t<\/div>\n\t\t\t\t<\/div>\n\t\t\t\t\t<\/div>\n\t\t\t\t<\/div>\n\t\t\t\t<\/div>\n\t\t\t\t<\/div>\n\t\t<div class=\"elementor-element elementor-element-c88fe06 e-flex e-con-boxed e-con e-parent\" data-id=\"c88fe06\" data-element_type=\"container\">\n\t\t\t\t\t<div class=\"e-con-inner\">\n\t\t<div class=\"elementor-element elementor-element-4118afb e-con-full e-flex e-con e-child\" data-id=\"4118afb\" data-element_type=\"container\">\n\t\t\t\t<\/div>\n\t\t\t\t<div class=\"elementor-element elementor-element-42944c2 elementor-widget elementor-widget-image-gallery\" data-id=\"42944c2\" data-element_type=\"widget\" data-widget_type=\"image-gallery.default\">\n\t\t\t\t<div class=\"elementor-widget-container\">\n\t\t\t\t\t<div class=\"elementor-image-gallery\">\n\t\t\t<div id='gallery-1' class='gallery galleryid-150 gallery-columns-1 gallery-size-medium_large'><figure class='gallery-item'>\n\t\t\t<div class='gallery-icon portrait'>\n\t\t\t\t<img fetchpriority=\"high\" decoding=\"async\" width=\"768\" height=\"1024\" src=\"https:\/\/creaverba.com\/wp-content\/uploads\/2024\/09\/thumbnail_IMG20240625155630-1-768x1024.jpg\" class=\"attachment-medium_large size-medium_large\" alt=\"\" srcset=\"https:\/\/creaverba.com\/wp-content\/uploads\/2024\/09\/thumbnail_IMG20240625155630-1-768x1024.jpg 768w, https:\/\/creaverba.com\/wp-content\/uploads\/2024\/09\/thumbnail_IMG20240625155630-1-225x300.jpg 225w, https:\/\/creaverba.com\/wp-content\/uploads\/2024\/09\/thumbnail_IMG20240625155630-1-1152x1536.jpg 1152w, https:\/\/creaverba.com\/wp-content\/uploads\/2024\/09\/thumbnail_IMG20240625155630-1-1536x2048.jpg 1536w, https:\/\/creaverba.com\/wp-content\/uploads\/2024\/09\/thumbnail_IMG20240625155630-1.jpg 1920w\" sizes=\"(max-width: 768px) 100vw, 768px\" \/>\n\t\t\t<\/div><\/figure>\n\t\t<\/div>\n\t\t<\/div>\n\t\t\t\t<\/div>\n\t\t\t\t<\/div>\n\t\t<div class=\"elementor-element elementor-element-56da377 e-con-full e-flex e-con e-child\" data-id=\"56da377\" data-element_type=\"container\">\n\t\t\t\t<div class=\"elementor-element elementor-element-bddd587 elementor-widget elementor-widget-text-editor\" data-id=\"bddd587\" data-element_type=\"widget\" data-widget_type=\"text-editor.default\">\n\t\t\t\t<div class=\"elementor-widget-container\">\n\t\t\t\t\t\t\t<p>\u00a0 \u00a0ATELIERS D&#8217;ECRITURE\u00a0<\/p><p>\u00a0 \u00a0 DR\u00d4ME &#8211; ARD\u00c8CHE<\/p><p>\u00a0 \u00a0 \u00a0 \u00a0Privas &#8211; Valence &#8211; Chom\u00e9rac<\/p><p>Durant les s\u00e9ances vous seront propos\u00e9s :\u00a0<\/p>\t\t\t\t\t\t<\/div>\n\t\t\t\t<\/div>\n\t\t\t\t<div class=\"elementor-element elementor-element-207c23c elementor-align-left elementor-icon-list--layout-traditional elementor-list-item-link-full_width elementor-widget elementor-widget-icon-list\" data-id=\"207c23c\" data-element_type=\"widget\" data-widget_type=\"icon-list.default\">\n\t\t\t\t<div class=\"elementor-widget-container\">\n\t\t\t\t\t<ul class=\"elementor-icon-list-items\">\n\t\t\t\t\t\t\t<li class=\"elementor-icon-list-item\">\n\t\t\t\t\t\t\t\t\t\t\t<span class=\"elementor-icon-list-icon\">\n\t\t\t\t\t\t\t<svg aria-hidden=\"true\" class=\"e-font-icon-svg e-fas-dot-circle\" viewBox=\"0 0 512 512\" xmlns=\"http:\/\/www.w3.org\/2000\/svg\"><path d=\"M256 8C119.033 8 8 119.033 8 256s111.033 248 248 248 248-111.033 248-248S392.967 8 256 8zm80 248c0 44.112-35.888 80-80 80s-80-35.888-80-80 35.888-80 80-80 80 35.888 80 80z\"><\/path><\/svg>\t\t\t\t\t\t<\/span>\n\t\t\t\t\t\t\t\t\t\t<span class=\"elementor-icon-list-text\">Des activit\u00e9s ludiques vari\u00e9es visant \u00e0 acqu\u00e9rir aisance et confiance,<\/span>\n\t\t\t\t\t\t\t\t\t<\/li>\n\t\t\t\t\t\t\t\t<li class=\"elementor-icon-list-item\">\n\t\t\t\t\t\t\t\t\t\t\t<span class=\"elementor-icon-list-icon\">\n\t\t\t\t\t\t\t<svg aria-hidden=\"true\" class=\"e-font-icon-svg e-fas-dot-circle\" viewBox=\"0 0 512 512\" xmlns=\"http:\/\/www.w3.org\/2000\/svg\"><path d=\"M256 8C119.033 8 8 119.033 8 256s111.033 248 248 248 248-111.033 248-248S392.967 8 256 8zm80 248c0 44.112-35.888 80-80 80s-80-35.888-80-80 35.888-80 80-80 80 35.888 80 80z\"><\/path><\/svg>\t\t\t\t\t\t<\/span>\n\t\t\t\t\t\t\t\t\t\t<span class=\"elementor-icon-list-text\"><br>Des exp\u00e9riences d\u2019\u00e9criture personnelle plus abouties \u00e0 partir d\u2019incitations diverses : seront convoqu\u00e9es comme points de d\u00e9part diff\u00e9rentes formes d\u2019expression artistique : textes, \u0153uvres picturales, musicales, photographiques\u2026 Les propositions de l\u2019atelier pourront vous orienter vers des exp\u00e9riences vari\u00e9es : inventer un r\u00e9cit, raconter une p\u00e9riode de votre vie, r\u00e9diger une lettre, \u00e9crire de la po\u00e9sie\u2026<br><\/span>\n\t\t\t\t\t\t\t\t\t<\/li>\n\t\t\t\t\t\t\t\t<li class=\"elementor-icon-list-item\">\n\t\t\t\t\t\t\t\t\t\t\t<span class=\"elementor-icon-list-icon\">\n\t\t\t\t\t\t\t<svg aria-hidden=\"true\" class=\"e-font-icon-svg e-fas-dot-circle\" viewBox=\"0 0 512 512\" xmlns=\"http:\/\/www.w3.org\/2000\/svg\"><path d=\"M256 8C119.033 8 8 119.033 8 256s111.033 248 248 248 248-111.033 248-248S392.967 8 256 8zm80 248c0 44.112-35.888 80-80 80s-80-35.888-80-80 35.888-80 80-80 80 35.888 80 80z\"><\/path><\/svg>\t\t\t\t\t\t<\/span>\n\t\t\t\t\t\t\t\t\t\t<span class=\"elementor-icon-list-text\"> Des d\u00e9marches permettant de d\u00e9couvrir, identifier et exploiter des outils litt\u00e9raires ; un temps consacr\u00e9 \u00e0 la (re)d\u00e9couverte de textes \u00e0 travers les principaux genres de la litt\u00e9rature.<\/span>\n\t\t\t\t\t\t\t\t\t<\/li>\n\t\t\t\t\t\t<\/ul>\n\t\t\t\t<\/div>\n\t\t\t\t<\/div>\n\t\t\t\t<div class=\"elementor-element elementor-element-65e6d3a elementor-widget elementor-widget-text-editor\" data-id=\"65e6d3a\" data-element_type=\"widget\" data-widget_type=\"text-editor.default\">\n\t\t\t\t<div class=\"elementor-widget-container\">\n\t\t\t\t\t\t\t<p>Ces ateliers d&#8217;\u00e9criture seront nourris par ma carri\u00e8re dans l\u2019\u00c9ducation Nationale comme professeure de fran\u00e7ais, mes exp\u00e9riences comme animatrice et formatrice pour adultes.<\/p>\t\t\t\t\t\t<\/div>\n\t\t\t\t<\/div>\n\t\t\t\t<\/div>\n\t\t\t\t\t<\/div>\n\t\t\t\t<\/div>\n\t\t\t\t<\/div>\n\t\t","protected":false},"excerpt":{"rendered":"<p>Ateliers d&#8217;\u00e9criture Cr\u00e9aVerba DEROULEMENT DES ATELIERS FORMULES ET TARIFS INFORMATIONS SUPPLEMENTAIRES EVENEMENTS Dr\u00f4me Ard\u00e8che CONTACT \u00a0 \u00a0ATELIERS D&#8217;ECRITURE\u00a0 \u00a0 \u00a0 DR\u00d4ME &#8211; ARD\u00c8CHE \u00a0 \u00a0 \u00a0 \u00a0Privas &#8211; Valence &#8211; Chom\u00e9rac Durant les s\u00e9ances vous seront propos\u00e9s :\u00a0 Des activit\u00e9s ludiques vari\u00e9es visant \u00e0 acqu\u00e9rir aisance et confiance, Des exp\u00e9riences d\u2019\u00e9criture personnelle plus abouties \u00e0 [&hellip;]<\/p>\n","protected":false},"author":1,"featured_media":0,"parent":0,"menu_order":0,"comment_status":"closed","ping_status":"closed","template":"","meta":{"footnotes":""},"class_list":["post-150","page","type-page","status-publish","hentry"],"_links":{"self":[{"href":"https:\/\/creaverba.com\/index.php\/wp-json\/wp\/v2\/pages\/150","targetHints":{"allow":["GET"]}}],"collection":[{"href":"https:\/\/creaverba.com\/index.php\/wp-json\/wp\/v2\/pages"}],"about":[{"href":"https:\/\/creaverba.com\/index.php\/wp-json\/wp\/v2\/types\/page"}],"author":[{"embeddable":true,"href":"https:\/\/creaverba.com\/index.php\/wp-json\/wp\/v2\/users\/1"}],"replies":[{"embeddable":true,"href":"https:\/\/creaverba.com\/index.php\/wp-json\/wp\/v2\/comments?post=150"}],"version-history":[{"count":37,"href":"https:\/\/creaverba.com\/index.php\/wp-json\/wp\/v2\/pages\/150\/revisions"}],"predecessor-version":[{"id":537,"href":"https:\/\/creaverba.com\/index.php\/wp-json\/wp\/v2\/pages\/150\/revisions\/537"}],"wp:attachment":[{"href":"https:\/\/creaverba.com\/index.php\/wp-json\/wp\/v2\/media?parent=150"}],"curies":[{"name":"wp","href":"https:\/\/api.w.org\/{rel}","templated":true}]}}