{"id":166,"date":"2024-09-16T04:14:01","date_gmt":"2024-09-16T02:14:01","guid":{"rendered":"https:\/\/creaverba.com\/?page_id=166"},"modified":"2025-06-15T17:21:24","modified_gmt":"2025-06-15T15:21:24","slug":"infos-supplementaires","status":"publish","type":"page","link":"https:\/\/creaverba.com\/index.php\/infos-supplementaires\/","title":{"rendered":"Infos suppl\u00e9mentaires"},"content":{"rendered":"\t\t<div data-elementor-type=\"wp-page\" data-elementor-id=\"166\" class=\"elementor elementor-166\">\n\t\t\t\t<div class=\"elementor-element elementor-element-23ee0347 e-con-full e-flex e-con e-child\" data-id=\"23ee0347\" data-element_type=\"container\">\n\t\t<div class=\"elementor-element elementor-element-127ae191 e-con-full e-flex e-con e-child\" data-id=\"127ae191\" data-element_type=\"container\">\n\t\t\t\t<div class=\"elementor-element elementor-element-43c30d61 elementor-align-left elementor-widget elementor-widget-button\" data-id=\"43c30d61\" data-element_type=\"widget\" data-widget_type=\"button.default\">\n\t\t\t\t<div class=\"elementor-widget-container\">\n\t\t\t\t\t<div class=\"elementor-button-wrapper\">\n\t\t\t<a class=\"elementor-button elementor-button-link elementor-size-sm\" href=\"https:\/\/creaverba.com\/\">\n\t\t\t\t\t\t<span class=\"elementor-button-content-wrapper\">\n\t\t\t\t\t\t\t\t\t<span class=\"elementor-button-text\">Cr\u00e9aVerba<\/span>\n\t\t\t\t\t<\/span>\n\t\t\t\t\t<\/a>\n\t\t<\/div>\n\t\t\t\t<\/div>\n\t\t\t\t<\/div>\n\t\t<div class=\"elementor-element elementor-element-685226a7 e-flex e-con-boxed e-con e-child\" data-id=\"685226a7\" data-element_type=\"container\">\n\t\t\t\t\t<div class=\"e-con-inner\">\n\t\t\t\t<div class=\"elementor-element elementor-element-6d5629bb elementor-widget elementor-widget-button\" data-id=\"6d5629bb\" data-element_type=\"widget\" data-widget_type=\"button.default\">\n\t\t\t\t<div class=\"elementor-widget-container\">\n\t\t\t\t\t<div class=\"elementor-button-wrapper\">\n\t\t\t<a class=\"elementor-button elementor-button-link elementor-size-sm\" href=\"https:\/\/creaverba.com\/index.php\/deroulement\/\">\n\t\t\t\t\t\t<span class=\"elementor-button-content-wrapper\">\n\t\t\t\t\t\t\t\t\t<span class=\"elementor-button-text\">DEROULEMENT DES ATELIERS<\/span>\n\t\t\t\t\t<\/span>\n\t\t\t\t\t<\/a>\n\t\t<\/div>\n\t\t\t\t<\/div>\n\t\t\t\t<\/div>\n\t\t\t\t<div class=\"elementor-element elementor-element-747d8eef elementor-widget elementor-widget-button\" data-id=\"747d8eef\" data-element_type=\"widget\" data-widget_type=\"button.default\">\n\t\t\t\t<div class=\"elementor-widget-container\">\n\t\t\t\t\t<div class=\"elementor-button-wrapper\">\n\t\t\t<a class=\"elementor-button elementor-button-link elementor-size-sm\" href=\"https:\/\/creaverba.com\/index.php\/formules-et-tarifs\/\">\n\t\t\t\t\t\t<span class=\"elementor-button-content-wrapper\">\n\t\t\t\t\t\t\t\t\t<span class=\"elementor-button-text\">FORMULES ET TARIFS<\/span>\n\t\t\t\t\t<\/span>\n\t\t\t\t\t<\/a>\n\t\t<\/div>\n\t\t\t\t<\/div>\n\t\t\t\t<\/div>\n\t\t\t\t<div class=\"elementor-element elementor-element-509e9e6b elementor-widget elementor-widget-button\" data-id=\"509e9e6b\" data-element_type=\"widget\" data-widget_type=\"button.default\">\n\t\t\t\t<div class=\"elementor-widget-container\">\n\t\t\t\t\t<div class=\"elementor-button-wrapper\">\n\t\t\t<a class=\"elementor-button elementor-button-link elementor-size-sm\" href=\"https:\/\/creaverba.com\/index.php\/infos-supplementaires\/\">\n\t\t\t\t\t\t<span class=\"elementor-button-content-wrapper\">\n\t\t\t\t\t\t\t\t\t<span class=\"elementor-button-text\">INFORMATIONS SUPPLEMENTAIRES<\/span>\n\t\t\t\t\t<\/span>\n\t\t\t\t\t<\/a>\n\t\t<\/div>\n\t\t\t\t<\/div>\n\t\t\t\t<\/div>\n\t\t\t\t<div class=\"elementor-element elementor-element-13e92c1f elementor-widget elementor-widget-button\" data-id=\"13e92c1f\" data-element_type=\"widget\" data-widget_type=\"button.default\">\n\t\t\t\t<div class=\"elementor-widget-container\">\n\t\t\t\t\t<div class=\"elementor-button-wrapper\">\n\t\t\t<a class=\"elementor-button elementor-button-link elementor-size-sm\" href=\"https:\/\/creaverba.com\/index.php\/elementor-page-225\/\">\n\t\t\t\t\t\t<span class=\"elementor-button-content-wrapper\">\n\t\t\t\t\t\t\t\t\t<span class=\"elementor-button-text\">EVENEMENTS<\/span>\n\t\t\t\t\t<\/span>\n\t\t\t\t\t<\/a>\n\t\t<\/div>\n\t\t\t\t<\/div>\n\t\t\t\t<\/div>\n\t\t\t\t<div class=\"elementor-element elementor-element-36c619c9 elementor-widget elementor-widget-button\" data-id=\"36c619c9\" data-element_type=\"widget\" data-widget_type=\"button.default\">\n\t\t\t\t<div class=\"elementor-widget-container\">\n\t\t\t\t\t<div class=\"elementor-button-wrapper\">\n\t\t\t<a class=\"elementor-button elementor-button-link elementor-size-sm\" href=\"https:\/\/creaverba.com\/index.php\/contact\/\">\n\t\t\t\t\t\t<span class=\"elementor-button-content-wrapper\">\n\t\t\t\t\t\t\t\t\t<span class=\"elementor-button-text\">CONTACT<\/span>\n\t\t\t\t\t<\/span>\n\t\t\t\t\t<\/a>\n\t\t<\/div>\n\t\t\t\t<\/div>\n\t\t\t\t<\/div>\n\t\t\t\t\t<\/div>\n\t\t\t\t<\/div>\n\t\t\t\t<\/div>\n\t\t\t\t<\/div>\n\t\t<div class=\"elementor-element elementor-element-ff28d81 e-con-full e-flex e-con e-parent\" data-id=\"ff28d81\" data-element_type=\"container\" data-settings=\"{&quot;background_background&quot;:&quot;classic&quot;}\">\n\t\t\t\t<div class=\"elementor-element elementor-element-7031e85 elementor-widget elementor-widget-text-editor\" data-id=\"7031e85\" data-element_type=\"widget\" data-widget_type=\"text-editor.default\">\n\t\t\t\t<div class=\"elementor-widget-container\">\n\t\t\t\t\t\t\t<p>\u00a0 \u00a0 \u00a0 \u00a0 \u00a0 \u00a0 \u00a0ATELIERS D&#8217;ECRITURE\u00a0 \u00a0 \u00a0 \u00a0 \u00a0 \u00a0 \u00a0<\/p><p>DR\u00d4ME &#8211; ARD\u00c8CHE<\/p><p>Valence, Privas, Chom\u00e9rac,\u00a0 \u00a0 \u00a0 \u00a0 \u00a0Saint-P\u00e9ray<\/p><p>Vous souhaitez que l\u2019un des parcours (deux s\u00e9ances\/mois) se d\u00e9roule<b> chez vous ?<\/b> Contactez-moi afin que je vous indique les modalit\u00e9s et les avantages dont vous b\u00e9n\u00e9ficierez.<br \/>\u2022<br \/>Vous avez envie de partager cette activit\u00e9 chez vous avec des amis, pour une s\u00e9ance, une occasion particuli\u00e8re ou des ateliers d&#8217;\u00e9criture mensuels ? Je vous rejoins pour cette exp\u00e9rience. Faites-moi part de votre projet, de vos souhaits, et nous <b>planifions l\u2019atelier ensemble.<\/b><br \/><b>\u2022<\/b><br \/>Vous cherchez un<b> cadeau original<\/b> pour un anniversaire, No\u00ebl&#8230;? Des cartes vous sont propos\u00e9es pour offrir un atelier d&#8217;\u00e9criture (s\u00e9ance ou parcours).<br \/>\u2022<br \/>Des<b> ateliers pour enfants ou adolescents<\/b> pourront \u00eatre mis en place ponctuellement.<\/p>\t\t\t\t\t\t<\/div>\n\t\t\t\t<\/div>\n\t\t\t\t<\/div>\n\t\t\t\t<\/div>\n\t\t","protected":false},"excerpt":{"rendered":"<p>Cr\u00e9aVerba DEROULEMENT DES ATELIERS FORMULES ET TARIFS INFORMATIONS SUPPLEMENTAIRES EVENEMENTS CONTACT \u00a0 \u00a0 \u00a0 \u00a0 \u00a0 \u00a0 \u00a0ATELIERS D&#8217;ECRITURE\u00a0 \u00a0 \u00a0 \u00a0 \u00a0 \u00a0 \u00a0 DR\u00d4ME &#8211; ARD\u00c8CHE Valence, Privas, Chom\u00e9rac,\u00a0 \u00a0 \u00a0 \u00a0 \u00a0Saint-P\u00e9ray Vous souhaitez que l\u2019un des parcours (deux s\u00e9ances\/mois) se d\u00e9roule chez vous ? Contactez-moi afin que je vous indique les [&hellip;]<\/p>\n","protected":false},"author":1,"featured_media":0,"parent":0,"menu_order":0,"comment_status":"closed","ping_status":"closed","template":"","meta":{"footnotes":""},"class_list":["post-166","page","type-page","status-publish","hentry"],"_links":{"self":[{"href":"https:\/\/creaverba.com\/index.php\/wp-json\/wp\/v2\/pages\/166","targetHints":{"allow":["GET"]}}],"collection":[{"href":"https:\/\/creaverba.com\/index.php\/wp-json\/wp\/v2\/pages"}],"about":[{"href":"https:\/\/creaverba.com\/index.php\/wp-json\/wp\/v2\/types\/page"}],"author":[{"embeddable":true,"href":"https:\/\/creaverba.com\/index.php\/wp-json\/wp\/v2\/users\/1"}],"replies":[{"embeddable":true,"href":"https:\/\/creaverba.com\/index.php\/wp-json\/wp\/v2\/comments?post=166"}],"version-history":[{"count":28,"href":"https:\/\/creaverba.com\/index.php\/wp-json\/wp\/v2\/pages\/166\/revisions"}],"predecessor-version":[{"id":519,"href":"https:\/\/creaverba.com\/index.php\/wp-json\/wp\/v2\/pages\/166\/revisions\/519"}],"wp:attachment":[{"href":"https:\/\/creaverba.com\/index.php\/wp-json\/wp\/v2\/media?parent=166"}],"curies":[{"name":"wp","href":"https:\/\/api.w.org\/{rel}","templated":true}]}}